{"id":16261,"date":"2024-10-10T14:09:50","date_gmt":"2024-10-10T14:09:50","guid":{"rendered":"https:\/\/stage.italchamber.qc.ca\/services\/wine\/"},"modified":"2025-05-14T03:30:09","modified_gmt":"2025-05-14T03:30:09","slug":"wine","status":"publish","type":"page","link":"https:\/\/stage.italchamber.qc.ca\/fr\/services\/wine\/","title":{"rendered":"Vins"},"content":{"rendered":"\t\t<div data-elementor-type=\"wp-page\" data-elementor-id=\"16261\" class=\"elementor elementor-16261 elementor-3332\" data-elementor-post-type=\"page\">\n\t\t\t\t<div class=\"elementor-element elementor-element-8906892 e-con-full e-flex e-con e-parent\" data-id=\"8906892\" data-element_type=\"container\" data-e-type=\"container\">\n\t\t<div class=\"elementor-element elementor-element-b5d2728 e-con-full e-flex e-con e-child\" data-id=\"b5d2728\" data-element_type=\"container\" data-e-type=\"container\">\n\t\t<div class=\"elementor-element elementor-element-28ae25c e-con-full e-flex e-con e-child\" data-id=\"28ae25c\" data-element_type=\"container\" data-e-type=\"container\" data-settings=\"{&quot;background_background&quot;:&quot;classic&quot;}\">\n\t\t<div class=\"elementor-element elementor-element-8ff9d22 e-flex e-con-boxed e-con e-child\" data-id=\"8ff9d22\" data-element_type=\"container\" data-e-type=\"container\">\n\t\t\t\t\t<div class=\"e-con-inner\">\n\t\t<div class=\"elementor-element elementor-element-f3a50aa e-con-full e-flex e-con e-child\" data-id=\"f3a50aa\" data-element_type=\"container\" data-e-type=\"container\">\n\t\t\t\t<div class=\"elementor-element elementor-element-db1b454 elementor-widget elementor-widget-heading\" data-id=\"db1b454\" data-element_type=\"widget\" data-e-type=\"widget\" data-widget_type=\"heading.default\">\n\t\t\t\t<div class=\"elementor-widget-container\">\n\t\t\t\t\t<h1 class=\"elementor-heading-title elementor-size-default\">Vins<\/h1>\t\t\t\t<\/div>\n\t\t\t\t<\/div>\n\t\t<div class=\"elementor-element elementor-element-e60fdd9 e-con-full e-flex e-con e-child\" data-id=\"e60fdd9\" data-element_type=\"container\" data-e-type=\"container\">\n\t\t\t\t<div class=\"elementor-element elementor-element-30c9801 elementor-widget elementor-widget-text-editor\" data-id=\"30c9801\" data-element_type=\"widget\" data-e-type=\"widget\" data-widget_type=\"text-editor.default\">\n\t\t\t\t<div class=\"elementor-widget-container\">\n\t\t\t\t\t\t\t\t\t<p><strong>Faciliter la croissance<\/strong> et la collaboration \u00e0 travers un r\u00e9seau dynamique de ressources, de partenariats et d&rsquo;opportunit\u00e9s.<\/p>\n\t\t\t\t\t\t\t\t<\/div>\n\t\t\t\t<\/div>\n\t\t\t\t<\/div>\n\t\t\t\t<\/div>\n\t\t\t\t\t<\/div>\n\t\t\t\t<\/div>\n\t\t\t\t<\/div>\n\t\t\t\t<\/div>\n\t\t\t\t<\/div>\n\t\t<div class=\"elementor-element elementor-element-f5118ed e-con-full e-flex e-con e-parent\" data-id=\"f5118ed\" data-element_type=\"container\" data-e-type=\"container\">\n\t\t<div class=\"elementor-element elementor-element-68250a6 e-flex e-con-boxed e-con e-child\" data-id=\"68250a6\" data-element_type=\"container\" data-e-type=\"container\">\n\t\t\t\t\t<div class=\"e-con-inner\">\n\t\t<div class=\"elementor-element elementor-element-0bf3146 e-con-full e-flex e-con e-child\" data-id=\"0bf3146\" data-element_type=\"container\" data-e-type=\"container\" data-settings=\"{&quot;background_background&quot;:&quot;classic&quot;}\">\n\t\t\t\t<\/div>\n\t\t<div class=\"elementor-element elementor-element-9659ff9 e-con-full e-flex e-con e-child\" data-id=\"9659ff9\" data-element_type=\"container\" data-e-type=\"container\" data-settings=\"{&quot;background_background&quot;:&quot;classic&quot;}\">\n\t\t\t\t<div class=\"elementor-element elementor-element-636dddf elementor-widget elementor-widget-text-editor\" data-id=\"636dddf\" data-element_type=\"widget\" data-e-type=\"widget\" data-widget_type=\"text-editor.default\">\n\t\t\t\t<div class=\"elementor-widget-container\">\n\t\t\t\t\t\t\t\t\t<p>Depuis des ann\u00e9es, nous travaillons \u00e9troitement avec les parties-prenantes de l\u2019industrie du vin au Canada afin de bien comprendre les processus d\u2019importation, les r\u00e8gles \u00e0 suivre et les contr\u00f4les au niveau des vins.<\/p>\n<p>En Italie, nous travaillons avec tous les acteurs du monde de la production du vin : du grand domaine renomm\u00e9 mondialement au petit producteur de vin du terroir; des consortiums r\u00e9gionaux aux associations de producteurs de vin. Notre compr\u00e9hension du territoire et nos relations avec les vignerons, construites au fil des ans, nous permettent de partager nos connaissances avec les agences et les restaurateurs canadiens. <\/p>\n<p>Nous sommes \u00e9galement une agence de vin. Nous offrons donc aux producteurs de vins italiens, surtout les plus petits, l\u2019opportunit\u00e9 de pr\u00e9senter un nouveau vin sur le march\u00e9 local et de le promouvoir aupr\u00e8s des restaurateurs, des distributeurs et des m\u00e9dias, via des activit\u00e9s sp\u00e9cifiques. Une fois que cette premi\u00e8re \u00e9tape d\u2019\u00e9valuation du march\u00e9 est compl\u00e9t\u00e9e avec succ\u00e8s, nous assistons les producteurs de vins dans l\u2019identification d\u2019agences potentielles, pour repr\u00e9senter leurs produits au Qu\u00e9bec\/Canada \u00e0 long terme.  <\/p>\n\t\t\t\t\t\t\t\t<\/div>\n\t\t\t\t<\/div>\n\t\t\t\t<\/div>\n\t\t\t\t\t<\/div>\n\t\t\t\t<\/div>\n\t\t<div class=\"elementor-element elementor-element-e82ffc1 e-grid e-con-boxed e-con e-child\" data-id=\"e82ffc1\" data-element_type=\"container\" data-e-type=\"container\">\n\t\t\t\t\t<div class=\"e-con-inner\">\n\t\t<div class=\"elementor-element elementor-element-43686f5 e-con-full e-flex e-con e-child\" data-id=\"43686f5\" data-element_type=\"container\" data-e-type=\"container\">\n\t\t\t\t<div class=\"elementor-element elementor-element-3fb7edf elementor-widget elementor-widget-heading\" data-id=\"3fb7edf\" data-element_type=\"widget\" data-e-type=\"widget\" data-widget_type=\"heading.default\">\n\t\t\t\t<div class=\"elementor-widget-container\">\n\t\t\t\t\t<h4 class=\"elementor-heading-title elementor-size-default\">Pour les agences qu\u00e9b\u00e9coises et canadiennes\n<\/h4>\t\t\t\t<\/div>\n\t\t\t\t<\/div>\n\t\t\t\t<div class=\"elementor-element elementor-element-dbc6b34 elementor-widget elementor-widget-text-editor\" data-id=\"dbc6b34\" data-element_type=\"widget\" data-e-type=\"widget\" data-widget_type=\"text-editor.default\">\n\t\t\t\t<div class=\"elementor-widget-container\">\n\t\t\t\t\t\t\t\t\t<ul>\n<li>Identifier le producteur et le vin appropri\u00e9 pour votre portfolio.<\/li>\n<li>Aider les agences de vins \u00e0 identifier de nouveaux produits et s\u00e9lectionner le producteur appropri\u00e9 en Italie<\/li>\n<li>Identifier, \u00e9valuer et s\u00e9lectionner<\/li>\n<li>Organiser des missions commerciales en Italie pour les agents et les m\u00e9dias sp\u00e9cialis\u00e9s<\/li>\n<\/ul>\n\t\t\t\t\t\t\t\t<\/div>\n\t\t\t\t<\/div>\n\t\t\t\t<\/div>\n\t\t<div class=\"elementor-element elementor-element-e7a0ce2 e-con-full e-flex e-con e-child\" data-id=\"e7a0ce2\" data-element_type=\"container\" data-e-type=\"container\">\n\t\t\t\t<div class=\"elementor-element elementor-element-ffcccb5 elementor-widget elementor-widget-heading\" data-id=\"ffcccb5\" data-element_type=\"widget\" data-e-type=\"widget\" data-widget_type=\"heading.default\">\n\t\t\t\t<div class=\"elementor-widget-container\">\n\t\t\t\t\t<h4 class=\"elementor-heading-title elementor-size-default\">Pour les producteurs italiens\n<\/h4>\t\t\t\t<\/div>\n\t\t\t\t<\/div>\n\t\t\t\t<div class=\"elementor-element elementor-element-95dcc41 elementor-widget elementor-widget-text-editor\" data-id=\"95dcc41\" data-element_type=\"widget\" data-e-type=\"widget\" data-widget_type=\"text-editor.default\">\n\t\t\t\t<div class=\"elementor-widget-container\">\n\t\t\t\t\t\t\t\t\t<ul>\n \t<li>\u00c9valuation du march\u00e9 : tendances et segmentation<\/li>\n \t<li>\u00c9valuation du produit et potentiel de ventes<\/li>\n \t<li>Mini-salons exclusifs pour les agents et m\u00e9dias sp\u00e9cialis\u00e9s<\/li>\n \t<li>Ateliers techniques<\/li>\n<\/ul>\t\t\t\t\t\t\t\t<\/div>\n\t\t\t\t<\/div>\n\t\t\t\t<\/div>\n\t\t<div class=\"elementor-element elementor-element-dc79014 e-con-full e-flex e-con e-child\" data-id=\"dc79014\" data-element_type=\"container\" data-e-type=\"container\">\n\t\t\t\t<div class=\"elementor-element elementor-element-39dd1f8 elementor-widget elementor-widget-heading\" data-id=\"39dd1f8\" data-element_type=\"widget\" data-e-type=\"widget\" data-widget_type=\"heading.default\">\n\t\t\t\t<div class=\"elementor-widget-container\">\n\t\t\t\t\t<h4 class=\"elementor-heading-title elementor-size-default\">Pour les consommateurs canadiens\n<\/h4>\t\t\t\t<\/div>\n\t\t\t\t<\/div>\n\t\t\t\t<div class=\"elementor-element elementor-element-ca9ebd5 elementor-widget elementor-widget-text-editor\" data-id=\"ca9ebd5\" data-element_type=\"widget\" data-e-type=\"widget\" data-widget_type=\"text-editor.default\">\n\t\t\t\t<div class=\"elementor-widget-container\">\n\t\t\t\t\t\t\t\t\t<ul>\n<li>Activit\u00e9s et campagnes promotionnelles pour pr\u00e9senter de nouveaux vins\n<ul>\n<li>Campagnes marketing cibl\u00e9es, incluant marketing num\u00e9rique<\/li>\n<li>\u00c9v\u00e8nements exclusifs d\u00e9di\u00e9s aux amateurs de vins et \u00e0 la communaut\u00e9 d\u2019affaires<\/li>\n<\/ul>\n<\/li>\n<\/ul>\n\t\t\t\t\t\t\t\t<\/div>\n\t\t\t\t<\/div>\n\t\t\t\t<div class=\"elementor-element elementor-element-4c3b90a elementor-widget elementor-widget-text-editor\" data-id=\"4c3b90a\" data-element_type=\"widget\" data-e-type=\"widget\" data-widget_type=\"text-editor.default\">\n\t\t\t\t<div class=\"elementor-widget-container\">\n\t\t\t\t\t\t\t\t\t<p>En plus de nos activit\u00e9s \u00e0 caract\u00e8re commercial, la CCIC m\u00e8ne une initiative d\u00e9di\u00e9e aux oenophiles et aux passionn\u00e9s du voyage. <a href=\"http:\/\/www.wineandtravelitaly.com\/\" target=\"_blank\" rel=\"noopener\">VOYAGE VIN Italie<\/a> est une communaut\u00e9 virtuelle qui vous permet de d\u00e9couvrir le lieu qui se cache derri\u00e8re l\u2019\u00e9tiquette de votre vin pr\u00e9f\u00e9r\u00e9. Avec Voyage Vin Italie, vous pouvez organiser une visite dans les plus beaux domaines et vignobles italiens, s\u00e9journer chez les producteurs de vins et leurs familles, d\u00e9couvrir les secrets de la production du vin et partager votre passion avec des experts de vins et avec des oenophiles.<\/p>\n\t\t\t\t\t\t\t\t<\/div>\n\t\t\t\t<\/div>\n\t\t\t\t<\/div>\n\t\t\t\t\t<\/div>\n\t\t\t\t<\/div>\n\t\t\t\t<\/div>\n\t\t<div class=\"elementor-element elementor-element-fcb242e e-con-full e-flex e-con e-child\" data-id=\"fcb242e\" data-element_type=\"container\" data-e-type=\"container\" data-settings=\"{&quot;background_background&quot;:&quot;classic&quot;}\">\n\t\t<div class=\"elementor-element elementor-element-26b505b e-flex e-con-boxed e-con e-child\" data-id=\"26b505b\" data-element_type=\"container\" data-e-type=\"container\">\n\t\t\t\t\t<div class=\"e-con-inner\">\n\t\t<div class=\"elementor-element elementor-element-33e9442 e-con-full e-flex e-con e-child\" data-id=\"33e9442\" data-element_type=\"container\" data-e-type=\"container\" data-settings=\"{&quot;background_background&quot;:&quot;classic&quot;}\">\n\t\t\t\t<div class=\"elementor-element elementor-element-aa797fe elementor-widget elementor-widget-heading\" data-id=\"aa797fe\" data-element_type=\"widget\" data-e-type=\"widget\" data-widget_type=\"heading.default\">\n\t\t\t\t<div class=\"elementor-widget-container\">\n\t\t\t\t\t<h4 class=\"elementor-heading-title elementor-size-default\">- Nico Ferrari \u2013 Societ\u00e0 Agricola Faccioli Enzo<\/h4>\t\t\t\t<\/div>\n\t\t\t\t<\/div>\n\t\t\t\t<div class=\"elementor-element elementor-element-1648791 elementor-widget elementor-widget-heading\" data-id=\"1648791\" data-element_type=\"widget\" data-e-type=\"widget\" data-widget_type=\"heading.default\">\n\t\t\t\t<div class=\"elementor-widget-container\">\n\t\t\t\t\t<h3 class=\"elementor-heading-title elementor-size-default\">J\u2019ai d\u00e9j\u00e0 eu l\u2019opportunit\u00e9 de participer \u00e0 plusieurs missions de scouting, organis\u00e9es par des organismes publics et priv\u00e9s. Lors de ces missions, l\u2019accent a \u00e9t\u00e9 mis sur la rencontre d\u2019un tr\u00e8s grand nombre de contacts. L\u2019exp\u00e9rience \u00e0 Montr\u00e9al est v\u00e9ritablement unique, puisque la CCIC mise sur une approche cibl\u00e9e et s\u00e9lective des partenaires potentiels, qui donne lieu \u00e0 des discussions plus concr\u00e8tes et prometteuses.<\/h3>\t\t\t\t<\/div>\n\t\t\t\t<\/div>\n\t\t\t\t<\/div>\n\t\t\t\t\t<\/div>\n\t\t\t\t<\/div>\n\t\t\t\t<\/div>\n\t\t\t\t<\/div>\n\t\t","protected":false},"excerpt":{"rendered":"<p>Vins Faciliter la croissance et la collaboration \u00e0 travers un r\u00e9seau dynamique de ressources, de partenariats et d&rsquo;opportunit\u00e9s. Depuis des ann\u00e9es, nous travaillons \u00e9troitement avec les parties-prenantes de l\u2019industrie du vin au Canada afin de bien comprendre les processus d\u2019importation, les r\u00e8gles \u00e0 suivre et les contr\u00f4les au niveau des vins. En Italie, nous travaillons [&hellip;]<\/p>\n","protected":false},"author":1,"featured_media":0,"parent":16057,"menu_order":0,"comment_status":"closed","ping_status":"closed","template":"","meta":{"_acf_changed":false,"inline_featured_image":false,"footnotes":""},"class_list":["post-16261","page","type-page","status-publish","hentry"],"acf":[],"yoast_head":"<!-- This site is optimized with the Yoast SEO plugin v27.2 - https:\/\/yoast.com\/product\/yoast-seo-wordpress\/ -->\n<title>Vins - ICCC<\/title>\n<meta name=\"robots\" content=\"noindex, follow, max-snippet:-1, max-image-preview:large, max-video-preview:-1\" \/>\n<meta property=\"og:locale\" content=\"fr_FR\" \/>\n<meta property=\"og:type\" content=\"article\" \/>\n<meta property=\"og:title\" content=\"Vins - ICCC\" \/>\n<meta property=\"og:description\" content=\"Vins Faciliter la croissance et la collaboration \u00e0 travers un r\u00e9seau dynamique de ressources, de partenariats et d&rsquo;opportunit\u00e9s. Depuis des ann\u00e9es, nous travaillons \u00e9troitement avec les parties-prenantes de l\u2019industrie du vin au Canada afin de bien comprendre les processus d\u2019importation, les r\u00e8gles \u00e0 suivre et les contr\u00f4les au niveau des vins. En Italie, nous travaillons [&hellip;]\" \/>\n<meta property=\"og:url\" content=\"https:\/\/stage.italchamber.qc.ca\/fr\/services\/wine\/\" \/>\n<meta property=\"og:site_name\" content=\"ICCC\" \/>\n<meta property=\"article:modified_time\" content=\"2025-05-14T03:30:09+00:00\" \/>\n<meta name=\"twitter:card\" content=\"summary_large_image\" \/>\n<meta name=\"twitter:label1\" content=\"Dur\u00e9e de lecture estim\u00e9e\" \/>\n\t<meta name=\"twitter:data1\" content=\"2 minutes\" \/>\n<script type=\"application\/ld+json\" class=\"yoast-schema-graph\">{\"@context\":\"https:\/\/schema.org\",\"@graph\":[{\"@type\":\"WebPage\",\"@id\":\"https:\/\/stage.italchamber.qc.ca\/fr\/services\/wine\/\",\"url\":\"https:\/\/stage.italchamber.qc.ca\/fr\/services\/wine\/\",\"name\":\"Vins - ICCC\",\"isPartOf\":{\"@id\":\"https:\/\/stage.italchamber.qc.ca\/fr\/#website\"},\"datePublished\":\"2024-10-10T14:09:50+00:00\",\"dateModified\":\"2025-05-14T03:30:09+00:00\",\"breadcrumb\":{\"@id\":\"https:\/\/stage.italchamber.qc.ca\/fr\/services\/wine\/#breadcrumb\"},\"inLanguage\":\"fr-FR\",\"potentialAction\":[{\"@type\":\"ReadAction\",\"target\":[\"https:\/\/stage.italchamber.qc.ca\/fr\/services\/wine\/\"]}]},{\"@type\":\"BreadcrumbList\",\"@id\":\"https:\/\/stage.italchamber.qc.ca\/fr\/services\/wine\/#breadcrumb\",\"itemListElement\":[{\"@type\":\"ListItem\",\"position\":1,\"name\":\"Home\",\"item\":\"https:\/\/stage.italchamber.qc.ca\/fr\/\"},{\"@type\":\"ListItem\",\"position\":2,\"name\":\"Services\",\"item\":\"https:\/\/stage.italchamber.qc.ca\/fr\/services\/\"},{\"@type\":\"ListItem\",\"position\":3,\"name\":\"Vins\"}]},{\"@type\":\"WebSite\",\"@id\":\"https:\/\/stage.italchamber.qc.ca\/fr\/#website\",\"url\":\"https:\/\/stage.italchamber.qc.ca\/fr\/\",\"name\":\"ICCC\",\"description\":\"Italian Chamber of Commerce in Canada\",\"publisher\":{\"@id\":\"https:\/\/stage.italchamber.qc.ca\/fr\/#organization\"},\"potentialAction\":[{\"@type\":\"SearchAction\",\"target\":{\"@type\":\"EntryPoint\",\"urlTemplate\":\"https:\/\/stage.italchamber.qc.ca\/fr\/?s={search_term_string}\"},\"query-input\":{\"@type\":\"PropertyValueSpecification\",\"valueRequired\":true,\"valueName\":\"search_term_string\"}}],\"inLanguage\":\"fr-FR\"},{\"@type\":\"Organization\",\"@id\":\"https:\/\/stage.italchamber.qc.ca\/fr\/#organization\",\"name\":\"ICCC\",\"url\":\"https:\/\/stage.italchamber.qc.ca\/fr\/\",\"logo\":{\"@type\":\"ImageObject\",\"inLanguage\":\"fr-FR\",\"@id\":\"https:\/\/stage.italchamber.qc.ca\/fr\/#\/schema\/logo\/image\/\",\"url\":\"https:\/\/stage.italchamber.qc.ca\/wp-content\/uploads\/2025\/05\/ICCC-Logo-French.svg\",\"contentUrl\":\"https:\/\/stage.italchamber.qc.ca\/wp-content\/uploads\/2025\/05\/ICCC-Logo-French.svg\",\"caption\":\"ICCC\"},\"image\":{\"@id\":\"https:\/\/stage.italchamber.qc.ca\/fr\/#\/schema\/logo\/image\/\"}}]}<\/script>\n<!-- \/ Yoast SEO plugin. -->","yoast_head_json":{"title":"Vins - ICCC","robots":{"index":"noindex","follow":"follow","max-snippet":"max-snippet:-1","max-image-preview":"max-image-preview:large","max-video-preview":"max-video-preview:-1"},"og_locale":"fr_FR","og_type":"article","og_title":"Vins - ICCC","og_description":"Vins Faciliter la croissance et la collaboration \u00e0 travers un r\u00e9seau dynamique de ressources, de partenariats et d&rsquo;opportunit\u00e9s. Depuis des ann\u00e9es, nous travaillons \u00e9troitement avec les parties-prenantes de l\u2019industrie du vin au Canada afin de bien comprendre les processus d\u2019importation, les r\u00e8gles \u00e0 suivre et les contr\u00f4les au niveau des vins. En Italie, nous travaillons [&hellip;]","og_url":"https:\/\/stage.italchamber.qc.ca\/fr\/services\/wine\/","og_site_name":"ICCC","article_modified_time":"2025-05-14T03:30:09+00:00","twitter_card":"summary_large_image","twitter_misc":{"Dur\u00e9e de lecture estim\u00e9e":"2 minutes"},"schema":{"@context":"https:\/\/schema.org","@graph":[{"@type":"WebPage","@id":"https:\/\/stage.italchamber.qc.ca\/fr\/services\/wine\/","url":"https:\/\/stage.italchamber.qc.ca\/fr\/services\/wine\/","name":"Vins - ICCC","isPartOf":{"@id":"https:\/\/stage.italchamber.qc.ca\/fr\/#website"},"datePublished":"2024-10-10T14:09:50+00:00","dateModified":"2025-05-14T03:30:09+00:00","breadcrumb":{"@id":"https:\/\/stage.italchamber.qc.ca\/fr\/services\/wine\/#breadcrumb"},"inLanguage":"fr-FR","potentialAction":[{"@type":"ReadAction","target":["https:\/\/stage.italchamber.qc.ca\/fr\/services\/wine\/"]}]},{"@type":"BreadcrumbList","@id":"https:\/\/stage.italchamber.qc.ca\/fr\/services\/wine\/#breadcrumb","itemListElement":[{"@type":"ListItem","position":1,"name":"Home","item":"https:\/\/stage.italchamber.qc.ca\/fr\/"},{"@type":"ListItem","position":2,"name":"Services","item":"https:\/\/stage.italchamber.qc.ca\/fr\/services\/"},{"@type":"ListItem","position":3,"name":"Vins"}]},{"@type":"WebSite","@id":"https:\/\/stage.italchamber.qc.ca\/fr\/#website","url":"https:\/\/stage.italchamber.qc.ca\/fr\/","name":"ICCC","description":"Italian Chamber of Commerce in Canada","publisher":{"@id":"https:\/\/stage.italchamber.qc.ca\/fr\/#organization"},"potentialAction":[{"@type":"SearchAction","target":{"@type":"EntryPoint","urlTemplate":"https:\/\/stage.italchamber.qc.ca\/fr\/?s={search_term_string}"},"query-input":{"@type":"PropertyValueSpecification","valueRequired":true,"valueName":"search_term_string"}}],"inLanguage":"fr-FR"},{"@type":"Organization","@id":"https:\/\/stage.italchamber.qc.ca\/fr\/#organization","name":"ICCC","url":"https:\/\/stage.italchamber.qc.ca\/fr\/","logo":{"@type":"ImageObject","inLanguage":"fr-FR","@id":"https:\/\/stage.italchamber.qc.ca\/fr\/#\/schema\/logo\/image\/","url":"https:\/\/stage.italchamber.qc.ca\/wp-content\/uploads\/2025\/05\/ICCC-Logo-French.svg","contentUrl":"https:\/\/stage.italchamber.qc.ca\/wp-content\/uploads\/2025\/05\/ICCC-Logo-French.svg","caption":"ICCC"},"image":{"@id":"https:\/\/stage.italchamber.qc.ca\/fr\/#\/schema\/logo\/image\/"}}]}},"_links":{"self":[{"href":"https:\/\/stage.italchamber.qc.ca\/fr\/wp-json\/wp\/v2\/pages\/16261","targetHints":{"allow":["GET"]}}],"collection":[{"href":"https:\/\/stage.italchamber.qc.ca\/fr\/wp-json\/wp\/v2\/pages"}],"about":[{"href":"https:\/\/stage.italchamber.qc.ca\/fr\/wp-json\/wp\/v2\/types\/page"}],"author":[{"embeddable":true,"href":"https:\/\/stage.italchamber.qc.ca\/fr\/wp-json\/wp\/v2\/users\/1"}],"replies":[{"embeddable":true,"href":"https:\/\/stage.italchamber.qc.ca\/fr\/wp-json\/wp\/v2\/comments?post=16261"}],"version-history":[{"count":2,"href":"https:\/\/stage.italchamber.qc.ca\/fr\/wp-json\/wp\/v2\/pages\/16261\/revisions"}],"predecessor-version":[{"id":16263,"href":"https:\/\/stage.italchamber.qc.ca\/fr\/wp-json\/wp\/v2\/pages\/16261\/revisions\/16263"}],"up":[{"embeddable":true,"href":"https:\/\/stage.italchamber.qc.ca\/fr\/wp-json\/wp\/v2\/pages\/16057"}],"wp:attachment":[{"href":"https:\/\/stage.italchamber.qc.ca\/fr\/wp-json\/wp\/v2\/media?parent=16261"}],"curies":[{"name":"wp","href":"https:\/\/api.w.org\/{rel}","templated":true}]}}